{"id":19,"date":"2020-02-19T11:54:15","date_gmt":"2020-02-19T10:54:15","guid":{"rendered":"https:\/\/cisnet-media.de\/?page_id=19"},"modified":"2020-02-21T16:02:51","modified_gmt":"2020-02-21T15:02:51","slug":"impressum","status":"publish","type":"page","link":"https:\/\/cisnet-media.de\/index.php\/impressum\/","title":{"rendered":"Impressum"},"content":{"rendered":"\n<div class=\"wp-block-group has-background\" style=\"background-color:#ffffff\"><div class=\"wp-block-group__inner-container is-layout-flow wp-block-group-is-layout-flow\">\n<figure class=\"wp-block-table\"><table class=\"\"><tbody><tr><td><figure><img decoding=\"async\" src=\"https:\/\/cis24.de\/impressum\/img_impressum.php\" border=\"0\"><\/figure><\/td><td><figure><a href=\".\/index.php\/kontakt\/\"><img decoding=\"async\" src=\"https:\/\/cis24.de\/impressum\/img_kontakt.php?mail=info@cisnet-media.de\" border=\"0\"><\/a><\/figure><\/td><\/tr><\/tbody><\/table><\/figure>\n<\/div><\/div>\n\n\n\n<h3 class=\"wp-block-heading\"><strong>Hinweis zur Nutzung unserer Daten<\/strong><\/h3>\n\n\n\n<p> Der Nutzung von im  Rahmen der Impressumspflicht ver\u00f6ffentlichten Kontaktdaten durch Dritte  zur \u00dcbersendung von nicht ausdr\u00fccklich angeforderter Werbung und  Informationsmaterialien (das gilt auch f\u00fcr telefonische Partner- oder  Kundenaquise) wird hiermit ausdr\u00fccklich widersprochen. Die Betreiber der  Seite behalten sich ausdr\u00fccklich rechtliche Schritte im Falle der  unverlangten Zusendung von Werbeinformationen, etwa durch Spam-Mails,  vor. Keinesfalls dienen die hier, im Rahmen der Impressumspflicht  ver\u00f6ffentlichten Kontaktdaten dazu, f\u00fcr andere Zwecke weiterverwendet zu  werden. Gem\u00e4\u00df \u00a728 BDSG und der DSGVO widersprechen wir jeder kommerziellen Verwendung, Speicherung und Weitergabe unserer Daten. <\/p>\n\n\n\n<h3 class=\"wp-block-heading\"><strong>Online-Streitbeilegung (Art. 14 Abs. 1 ODR-Verordnung):<\/strong> <\/h3>\n\n\n\n<p> Die Europ\u00e4ische Kommission stellt unter <a rel=\"noreferrer noopener\" href=\"http:\/\/ec.europa.eu\/consumers\/odr\/\" target=\"_blank\"> ec.europa.eu\/consumers\/odr\/<\/a> eine Plattform zur Online-Streitbeilegung bereit. <\/p>\n\n\n\n<h3 class=\"wp-block-heading\"><strong>Haftung f\u00fcr Inhalte<\/strong> <\/h3>\n\n\n\n<p> Als  Diensteanbieter sind wir gem\u00e4\u00df \u00a7 7 Abs.1 TMG f\u00fcr eigene Inhalte auf  diesen Seiten nach den allgemeinen Gesetzen verantwortlich. Nach \u00a7\u00a7 8  bis 10 TMG sind wir als Diensteanbieter jedoch nicht verpflichtet,  \u00fcbermittelte oder gespeicherte fremde Informationen zu \u00fcberwachen oder  nach Umst\u00e4nden zu forschen, die auf eine rechtswidrige T\u00e4tigkeit  hinweisen.Verpflichtungen zur Entfernung oder Sperrung der Nutzung von  Informationen nach den allgemeinen Gesetzen bleiben hiervon unber\u00fchrt.  Eine diesbez\u00fcgliche Haftung ist jedoch erst ab dem Zeitpunkt der  Kenntnis einer konkreten Rechtsverletzung m\u00f6glich. Bei Bekanntwerden von  entsprechenden Rechtsverletzungen werden wir diese Inhalte umgehend  entfernen. <\/p>\n\n\n\n<h3 class=\"wp-block-heading\"><strong>Haftung f\u00fcr Links<\/strong><\/h3>\n\n\n\n<p> Unser Angebot  enth\u00e4lt Links zu externen Websites Dritter, auf deren Inhalte wir keinen  Einfluss haben. Deshalb k\u00f6nnen wir f\u00fcr diese fremden Inhalte auch keine  Gew\u00e4hr \u00fcbernehmen. F\u00fcr die Inhalte der verlinkten Seiten ist stets der  jeweilige Anbieter oder Betreiber der Seiten verantwortlich. Die  verlinkten Seiten wurden zum Zeitpunkt der Verlinkung auf m\u00f6gliche  Rechtsverst\u00f6\u00dfe \u00fcberpr\u00fcft. Rechtswidrige Inhalte waren zum Zeitpunkt der  Verlinkung nicht erkennbar.Eine permanente inhaltliche Kontrolle der  verlinkten Seiten ist jedoch ohne konkrete Anhaltspunkte einer  Rechtsverletzung nicht zumutbar. Bei Bekanntwerden von  Rechtsverletzungen werden wir derartige Links umgehend entfernen. <\/p>\n\n\n\n<h3 class=\"wp-block-heading\"><strong>Urheberrecht \u2013 Rechtlicher Hinweis zu den gesch\u00fctzten Inhalten<\/strong><\/h3>\n\n\n\n<p> Die  durch die Seitenbetreiber erstellten Inhalte und Werke auf diesen  Seiten unterliegen dem deutschen Urheberrecht. Die Vervielf\u00e4ltigung,  Bearbeitung, Verbreitung und jede Art der Verwertung au\u00dferhalb der  Grenzen des Urheberrechtes bed\u00fcrfen der schriftlichen Zustimmung des  jeweiligen Autors bzw. Erstellers. Downloads und Kopien dieser Seite  sind nur f\u00fcr den privaten, nicht kommerziellen Gebrauch gestattet.Soweit  die Inhalte auf dieser Seite nicht vom Betreiber erstellt wurden,  werden die Urheberrechte Dritter beachtet. Insbesondere werden Inhalte  Dritter als solche gekennzeichnet. Sollten Sie trotzdem auf eine  Urheberrechtsverletzung aufmerksam werden, bitten wir um einen  entsprechenden Hinweis. Bei Bekanntwerden von Rechtsverletzungen werden  wir derartige Inhalte umgehend entfernen.<\/p>\n\n\n\n<p><\/p>\n\n\n\n<h2 class=\"wp-block-heading\"><strong>DISCLAIMERS<\/strong> <\/h2>\n\n\n\n<h3 class=\"wp-block-heading\">Liability for Contents <\/h3>\n\n\n\n<p> As  service providers, we are liable for own contents of these websites  according to Sec. 7, paragraph 1 German Telemedia Act (TMG). However,  according to Sec. 8 to 10 German Telemedia Act (TMG), service providers  are not obligated to permanently monitor submitted or stored information  or to search for evidences that indicate illegal activities.Legal  obligations to removing information or to blocking the use of  information remain unchallenged. In this case, liability is only  possible at the time of knowledge about a specific violation of law.  Illegal contents will be removed immediately at the time we get  knowledge of them. <\/p>\n\n\n\n<h3 class=\"wp-block-heading\">Liability for Links <\/h3>\n\n\n\n<p>Our offer includes links to external third party websites. We have no\n influence on the contents of those websites, therefore we cannot \nguarantee for those contents. Providers or administrators of linked \nwebsites are always responsible for their own contents.<br><\/p>\n\n\n\n<p>The \nlinked websites had been checked for possible violations of law at the \ntime of the establishment of the link. Illegal contents were not \ndetected at the time of the linking. A permanent monitoring of the \ncontents of linked websites cannot be imposed without reasonable \nindications that there has been a violation of law. Illegal links will \nbe removed immediately at the time we get knowledge of them.<\/p>\n\n\n\n<h2 class=\"wp-block-heading\">Copyright <\/h2>\n\n\n\n<p>Contents and compilations published on these websites by the \nproviders are subject to German copyright laws. Reproduction, editing, \ndistribution as well as the use of any kind outside the scope of the \ncopyright law require a written permission of the author or originator. \nDownloads and copies of these websites are permitted for private use \nonly.<br>The commercial use of our contents without permission of the originator is prohibited.<br><\/p>\n\n\n\n<p>Copyright\n laws of third parties are respected as long as the contents on these \nwebsites do not originate from the provider. Contributions of third \nparties on this site are indicated as such. However, if you notice any \nviolations of copyright law, please inform us. Such contents will be \nremoved immediately.<\/p>\n","protected":false},"excerpt":{"rendered":"<p>Hinweis zur Nutzung unserer Daten Der Nutzung von im Rahmen der Impressumspflicht ver\u00f6ffentlichten Kontaktdaten durch Dritte zur \u00dcbersendung von nicht ausdr\u00fccklich angeforderter Werbung und Informationsmaterialien (das gilt auch f\u00fcr telefonische Partner- oder Kundenaquise) wird hiermit ausdr\u00fccklich widersprochen. Die Betreiber der Seite behalten sich ausdr\u00fccklich rechtliche Schritte im Falle der unverlangten Zusendung von Werbeinformationen, etwa durch [&hellip;]<\/p>\n","protected":false},"author":1,"featured_media":0,"parent":0,"menu_order":0,"comment_status":"closed","ping_status":"closed","template":"","meta":{"footnotes":""},"class_list":["post-19","page","type-page","status-publish","hentry"],"jetpack_sharing_enabled":true,"_links":{"self":[{"href":"https:\/\/cisnet-media.de\/index.php\/wp-json\/wp\/v2\/pages\/19","targetHints":{"allow":["GET"]}}],"collection":[{"href":"https:\/\/cisnet-media.de\/index.php\/wp-json\/wp\/v2\/pages"}],"about":[{"href":"https:\/\/cisnet-media.de\/index.php\/wp-json\/wp\/v2\/types\/page"}],"author":[{"embeddable":true,"href":"https:\/\/cisnet-media.de\/index.php\/wp-json\/wp\/v2\/users\/1"}],"replies":[{"embeddable":true,"href":"https:\/\/cisnet-media.de\/index.php\/wp-json\/wp\/v2\/comments?post=19"}],"version-history":[{"count":38,"href":"https:\/\/cisnet-media.de\/index.php\/wp-json\/wp\/v2\/pages\/19\/revisions"}],"predecessor-version":[{"id":171,"href":"https:\/\/cisnet-media.de\/index.php\/wp-json\/wp\/v2\/pages\/19\/revisions\/171"}],"wp:attachment":[{"href":"https:\/\/cisnet-media.de\/index.php\/wp-json\/wp\/v2\/media?parent=19"}],"curies":[{"name":"wp","href":"https:\/\/api.w.org\/{rel}","templated":true}]}}