{"id":124,"date":"2020-02-20T02:00:58","date_gmt":"2020-02-20T01:00:58","guid":{"rendered":"https:\/\/cisnet-media.de\/?page_id=124"},"modified":"2020-02-27T12:02:41","modified_gmt":"2020-02-27T11:02:41","slug":"full-service-agentur-fuer-newsletterwerbung-und-marketing","status":"publish","type":"page","link":"https:\/\/cisnet-media.de\/","title":{"rendered":"FULL-SERVICE Agentur f\u00fcr Newsletterwerbung und Marketing"},"content":{"rendered":"\n<div class=\"wp-block-group\"><div class=\"wp-block-group__inner-container is-layout-flow wp-block-group-is-layout-flow\">\n<div class=\"wp-block-columns is-layout-flex wp-container-core-columns-is-layout-9d6595d7 wp-block-columns-is-layout-flex\">\n<div class=\"wp-block-column is-layout-flow wp-block-column-is-layout-flow\" style=\"flex-basis:25%\"><div class=\"wp-block-calendar\"><table id=\"wp-calendar\" class=\"wp-calendar-table\">\n\t<caption>Mai 2026<\/caption>\n\t<thead>\n\t<tr>\n\t\t<th scope=\"col\" aria-label=\"Montag\">M<\/th>\n\t\t<th scope=\"col\" aria-label=\"Dienstag\">D<\/th>\n\t\t<th scope=\"col\" aria-label=\"Mittwoch\">M<\/th>\n\t\t<th scope=\"col\" aria-label=\"Donnerstag\">D<\/th>\n\t\t<th scope=\"col\" aria-label=\"Freitag\">F<\/th>\n\t\t<th scope=\"col\" aria-label=\"Samstag\">S<\/th>\n\t\t<th scope=\"col\" aria-label=\"Sonntag\">S<\/th>\n\t<\/tr>\n\t<\/thead>\n\t<tbody>\n\t<tr>\n\t\t<td colspan=\"4\" class=\"pad\">&nbsp;<\/td><td>1<\/td><td>2<\/td><td id=\"today\">3<\/td>\n\t<\/tr>\n\t<tr>\n\t\t<td>4<\/td><td>5<\/td><td>6<\/td><td>7<\/td><td>8<\/td><td>9<\/td><td>10<\/td>\n\t<\/tr>\n\t<tr>\n\t\t<td>11<\/td><td>12<\/td><td>13<\/td><td>14<\/td><td>15<\/td><td>16<\/td><td>17<\/td>\n\t<\/tr>\n\t<tr>\n\t\t<td>18<\/td><td>19<\/td><td>20<\/td><td>21<\/td><td>22<\/td><td>23<\/td><td>24<\/td>\n\t<\/tr>\n\t<tr>\n\t\t<td>25<\/td><td>26<\/td><td>27<\/td><td>28<\/td><td>29<\/td><td>30<\/td><td>31<\/td>\n\t<\/tr>\n\t<\/tbody>\n\t<\/table><nav aria-label=\"Vorherige und n\u00e4chste Monate\" class=\"wp-calendar-nav\">\n\t\t<span class=\"wp-calendar-nav-prev\"><a href=\"https:\/\/cisnet-media.de\/index.php\/2020\/02\/\">&laquo; Feb.<\/a><\/span>\n\t\t<span class=\"pad\">&nbsp;<\/span>\n\t\t<span class=\"wp-calendar-nav-next\">&nbsp;<\/span>\n\t<\/nav><\/div><\/div>\n\n\n\n<div class=\"wp-block-column is-layout-flow wp-block-column-is-layout-flow\" style=\"flex-basis:50%\">\n<table style=\"height: 565px;\" width=\"198\" cellspacing=\"0\" cellpadding=\"0\" border=\"0\">\n<tbody>\n<tr>\n<td valign=\"top\">\n<p>Unsere Agentur greift auf ein internationales Netzwerk aus den Bereichen Werbung, Promotion &amp; Newsletter-Marketing zu.<\/p>\n<p>Daher k\u00f6nnen wir Ihnen ein breit gef\u00e4chtertes Dienstleistungsangebot im Bereich Newsletter-Marketing bieten.<\/p>\n<p>Unsere Kunden sch\u00e4tzen uns als zuverl\u00e4ssigen und flexiblen Partner. <br>Pers\u00f6nlicher Einsatz &#8211; kompetente Beratung und professionelle Ergebnisse sind das Motto unseres gesamten Teams.<\/p>\n<p>Wir informieren Sie gerne &#8211; Nehmen Sie doch einfach Kontakt mit uns auf!<\/p>\n<p>Sehen Sie hier Beispiele unserer Konditionen:<\/p>\n<\/td>\n<td>&nbsp;<\/td>\n<\/tr>\n<\/tbody>\n<\/table>\n<\/div>\n\n\n\n<div class=\"wp-block-column is-layout-flow wp-block-column-is-layout-flow\" style=\"flex-basis:25%\">\n<figure class=\"wp-block-image size-large\"><img loading=\"lazy\" decoding=\"async\" width=\"120\" height=\"70\" src=\"https:\/\/cisnet-media.de\/wp-content\/uploads\/2020\/02\/brief_150.gif\" alt=\"\" class=\"wp-image-77\"\/><\/figure>\n\n\n\n<p><span class=\"highlightsmall\">Lassen <\/span>Sie sich von unseren Preis- Leistungsverh\u00e4ltniss \u00fcberzeugen und \u00fcbertragen Sie PROFIS den Auftrag Ihrer Werbung!<\/p>\n<\/div>\n<\/div>\n<\/div><\/div>\n\n\n\n<table width=\"462\" cellspacing=\"0\" cellpadding=\"0\" border=\"0\">\n  <tr>\n    <td colspan=\"3\">&nbsp;<\/td>\n  <\/tr>\n  <tr>\n    <td colspan=\"3\" valign=\"top\">\n    <table width=\"462\" cellspacing=\"0\" cellpadding=\"2\" border=\"0\">\n      <tr bgcolor=\"#1868B9\">\n        <td class=\"headercell\" valign=\"top\" align=\"left\"><font color=\"#FFFFFF\">\n        <b>Frei w\u00e4hlbarer tausender St\u00fcckpreis&nbsp;<\/b><\/font> <\/td>\n        <td class=\"headercell\" valign=\"top\" align=\"left\"><font color=\"#FFFFFF\">\n        <b>TSP&nbsp; <\/b><\/font><\/td>\n        <td class=\"headercell\" valign=\"top\" align=\"left\"><font color=\"#FFFFFF\">\n        <b>(Preis pro 1.000 St\u00fcck) &nbsp; <\/b><\/font><\/td>\n      <\/tr>\n      <tr bgcolor=\"#ffffff\">\n        <td class=\"headercellblack\" valign=\"top\" align=\"left\">10.000 St\u00fcck \n        versendete Mails&nbsp; <\/td>\n        <td class=\"standardcell\" valign=\"top\" align=\"left\">TSP&nbsp; <\/td>\n        <td class=\"standardcell\" valign=\"top\" align=\"left\">19,- Euro&nbsp; <\/td>\n      <\/tr>\n      <tr bgcolor=\"#D3DDFF\">\n        <td class=\"headercellblack\" valign=\"top\" align=\"left\">20.000 St\u00fcck \n        versendete Mails &nbsp; <\/td>\n        <td class=\"standardcell\" valign=\"top\" align=\"left\">TSP&nbsp; <\/td>\n        <td class=\"standardcell\" valign=\"top\" align=\"left\">16,- Euro&nbsp; <\/td>\n      <\/tr>\n    <\/table>\n    <table style=\"border-collapse: collapse\" bordercolorlight=\"#FFFFFF\" bordercolordark=\"#FFFFFF\" width=\"100%\" cellspacing=\"0\" cellpadding=\"0\" bordercolor=\"#111111\" border=\"0\">\n      <tr>\n        <td width=\"50%\">\n        <p align=\"right\">\n        <a target=\"_self\" href=\"https:\/\/cisnet-media.de\/newsletter\/preise\/\" rel=\"noopener noreferrer\"><u>\n        <b><font size=\"1\" face=\"Verdana\" color=\"#0000FF\">Jetzt hier \n        Newsletter-Werbung buchen<\/font><\/b><\/u><\/a><\/td>\n        <td width=\"20%\">&nbsp;<\/td>\n        <td width=\"30%\"><b><font size=\"1\" face=\"Verdana\">&#8230;.<a target=\"_self\" href=\"https:\/\/cisnet-media.de\/newsletter\/preise\/\" rel=\"noopener noreferrer\">\n        <u><font color=\"#0000FF\">weitere Infos<\/font><\/u><\/a><\/font><\/b><\/td>\n      <\/tr>\n    <\/table>\n    <p><br>\n    <br>\n&nbsp;<\/p>\n    <table style=\"border-collapse: collapse\" bordercolorlight=\"#FFFFFF\" bordercolordark=\"#FFFFFF\" width=\"100%\" cellspacing=\"0\" cellpadding=\"0\" bordercolor=\"#111111\" border=\"0\">\n      <tr>\n        <td width=\"60%\">\n        <p align=\"right\">\n        <a target=\"_blank\" href=\"https:\/\/www.firstsponsor.de\/index.php?go=ewba\" rel=\"noopener noreferrer\">\n        <u><b><font size=\"2\" face=\"Verdana\" color=\"#0000FF\">Neu! jetzt hier \n        Newsletter-Werbung zu Flat-Preisen buchen<\/font><\/b><\/u><\/a><\/td>\n        <td width=\"10%\">&nbsp;<\/td>\n        <td width=\"30%\"><b><font size=\"2\" face=\"Verdana\">&#8230;.<a target=\"_blank\" href=\"https:\/\/www.firstsponsor.de\" rel=\"noopener noreferrer\">\n        <u><font color=\"#0000FF\">weitere Infos<\/font><\/u><\/a><\/font><\/b><\/td>\n      <\/tr>\n    <\/table>\n    <p><br>\n&nbsp;<\/p>\n    <center>\n    <p><a target=\"_blank\" href=\"https:\/\/www.cis24.de\/aktion\" rel=\"noopener noreferrer\"><u><b>\n    <font size=\"3\" face=\"Verdana\" color=\"#0000FF\">Aktuelle SONDER-AKTION<\/font><\/b><\/u><\/a><br>\n&nbsp;<\/p>\n    <\/center><\/td>\n  <\/tr>\n<\/table>\n","protected":false},"excerpt":{"rendered":"<p>Unsere Agentur greift auf ein internationales Netzwerk aus den Bereichen Werbung, Promotion &amp; Newsletter-Marketing zu. Daher k\u00f6nnen wir Ihnen ein breit gef\u00e4chtertes Dienstleistungsangebot im Bereich Newsletter-Marketing bieten. Unsere Kunden sch\u00e4tzen uns als zuverl\u00e4ssigen und flexiblen Partner. Pers\u00f6nlicher Einsatz &#8211; kompetente Beratung und professionelle Ergebnisse sind das Motto unseres gesamten Teams. Wir informieren Sie gerne &#8211; [&hellip;]<\/p>\n","protected":false},"author":1,"featured_media":0,"parent":0,"menu_order":0,"comment_status":"closed","ping_status":"closed","template":"","meta":{"footnotes":""},"class_list":["post-124","page","type-page","status-publish","hentry"],"jetpack_sharing_enabled":true,"_links":{"self":[{"href":"https:\/\/cisnet-media.de\/index.php\/wp-json\/wp\/v2\/pages\/124","targetHints":{"allow":["GET"]}}],"collection":[{"href":"https:\/\/cisnet-media.de\/index.php\/wp-json\/wp\/v2\/pages"}],"about":[{"href":"https:\/\/cisnet-media.de\/index.php\/wp-json\/wp\/v2\/types\/page"}],"author":[{"embeddable":true,"href":"https:\/\/cisnet-media.de\/index.php\/wp-json\/wp\/v2\/users\/1"}],"replies":[{"embeddable":true,"href":"https:\/\/cisnet-media.de\/index.php\/wp-json\/wp\/v2\/comments?post=124"}],"version-history":[{"count":14,"href":"https:\/\/cisnet-media.de\/index.php\/wp-json\/wp\/v2\/pages\/124\/revisions"}],"predecessor-version":[{"id":180,"href":"https:\/\/cisnet-media.de\/index.php\/wp-json\/wp\/v2\/pages\/124\/revisions\/180"}],"wp:attachment":[{"href":"https:\/\/cisnet-media.de\/index.php\/wp-json\/wp\/v2\/media?parent=124"}],"curies":[{"name":"wp","href":"https:\/\/api.w.org\/{rel}","templated":true}]}}